{"id":1918,"date":"2017-03-23T14:00:53","date_gmt":"2017-03-23T13:00:53","guid":{"rendered":"http:\/\/ponchiroli.xpl.io\/shop\/anime-e-motori\/"},"modified":"2020-02-10T11:05:30","modified_gmt":"2020-02-10T10:05:30","slug":"anime-e-motori","status":"publish","type":"product","link":"https:\/\/ponchirolieditori.com\/en\/shop\/anime-e-motori\/","title":{"rendered":"Anime e motori"},"content":{"rendered":"","protected":false},"excerpt":{"rendered":"<p>by <em><strong>Cesare De Agostini<\/strong><\/em><\/p>\n[fusion_separator style_type=\"none\" hide_on_mobile=\"small-visibility,medium-visibility,large-visibility\" class=\"\" id=\"\" sep_color=\"rgba(224,222,222,0)\" top_margin=\"0px\" bottom_margin=\"10px\" border_size=\"\" icon=\"\" icon_circle=\"\" icon_circle_color=\"\" width=\"\" alignment=\"center\"][\/fusion_separator]\n<p><span id=\"result_box\" class=\"\" lang=\"en\" tabindex=\"-1\"><span title=\"Dai ricordi cio\u00e8 di quelli che mezzo secolo fa avevano vissuto una buona parte di ci\u00f2 che si andr\u00e0 raccontando\u201d.\">\u201cAnime e Motori\u201d first edition dates back to 1969. It was a collection of articles signed by Cesare De Agostini, a journalist working in the oldest Italian newspaper: \u201cLa Gazzetta di Mantova\u201d. At that time the book was published by CITEM, the co-operative that still prints \u201cLa Gazzetta\u201d.<br \/>\nForty-four years later, thanks to PE and AMAMS (Associazione mantovana auto e moto storiche \u2013 an association of vntage motorcycles and cars lovers, dedicated to Tazio Nuvolari), is possible to retrace the history of Mantua on wheels: From bicycles to motorbikes, browsing the newspapers of that period, describing the protagonists of an epic era, collecting photos that tell the past of this city from an original and moving perspective. In just over a century our lives changed thanks also to the fastest evolution of transportation.<br \/>\n&#8220;&#8216;Anime e Motori&#8217; &#8211; writes the author \u2013 comes back with texts and photographs that are a bit dated. But if the engines are shrunken, the souls do not. Those are still alive, talking, making themselves heard. They come from the pages of old newspapers, single issues and words too. These are the memories of who lived a good part of it, half a century ago. &#8221;<br \/>\nThe book is available only in Italian language<\/span><\/span><\/p>\n","protected":false},"featured_media":2243,"comment_status":"closed","ping_status":"closed","template":"","meta":[],"product_brand":[],"product_cat":[58,57],"product_tag":[],"class_list":{"0":"post-1918","1":"product","2":"type-product","3":"status-publish","4":"has-post-thumbnail","6":"product_cat-history","7":"product_cat-pilots","9":"first","10":"outofstock","11":"sale","12":"shipping-taxable","13":"purchasable","14":"product-type-simple"},"yoast_head":"<!-- This site is optimized with the Yoast SEO plugin v27.4 - https:\/\/yoast.com\/product\/yoast-seo-wordpress\/ -->\n<title>Anime e motori | Ponchiroli Editori<\/title>\n<meta name=\"robots\" content=\"index, follow, max-snippet:-1, max-image-preview:large, max-video-preview:-1\" \/>\n<link rel=\"canonical\" href=\"https:\/\/ponchirolieditori.com\/en\/shop\/anime-e-motori\/\" \/>\n<meta property=\"og:locale\" content=\"en_US\" \/>\n<meta property=\"og:type\" content=\"article\" \/>\n<meta property=\"og:title\" content=\"Anime e motori | Ponchiroli Editori\" \/>\n<meta property=\"og:description\" content=\"by Cesare De Agostini    \u201cAnime e Motori\u201d first edition dates back to 1969. It was a collection of articles signed by Cesare De Agostini, a journalist working in the oldest Italian newspaper: \u201cLa Gazzetta di Mantova\u201d. At that time the book was published by CITEM, the co-operative that still prints \u201cLa Gazzetta\u201d. Forty-four years later, thanks to PE and AMAMS (Associazione mantovana auto e moto storiche \u2013 an association of vntage motorcycles and cars lovers, dedicated to Tazio Nuvolari), is possible to retrace the history of Mantua on wheels: From bicycles to motorbikes, browsing the newspapers of that period, describing the protagonists of an epic era, collecting photos that tell the past of this city from an original and moving perspective. In just over a century our lives changed thanks also to the fastest evolution of transportation. &quot;&#039;Anime e Motori&#039; - writes the author \u2013 comes back with texts and photographs that are a bit dated. But if the engines are shrunken, the souls do not. Those are still alive, talking, making themselves heard. They come from the pages of old newspapers, single issues and words too. These are the memories of who lived a good part of it, half a century ago. &quot; The book is available only in Italian language\" \/>\n<meta property=\"og:url\" content=\"https:\/\/ponchirolieditori.com\/en\/shop\/anime-e-motori\/\" \/>\n<meta property=\"og:site_name\" content=\"Ponchiroli Editori\" \/>\n<meta property=\"article:modified_time\" content=\"2020-02-10T10:05:30+00:00\" \/>\n<meta property=\"og:image\" content=\"https:\/\/ponchirolieditori.com\/wp-content\/uploads\/2017\/03\/ponchirolieditori-anime-e-motori-cover.jpg\" \/>\n\t<meta property=\"og:image:width\" content=\"1280\" \/>\n\t<meta property=\"og:image:height\" content=\"1280\" \/>\n\t<meta property=\"og:image:type\" content=\"image\/jpeg\" \/>\n<meta name=\"twitter:card\" content=\"summary_large_image\" \/>\n<script type=\"application\/ld+json\" class=\"yoast-schema-graph\">{\"@context\":\"https:\\\/\\\/schema.org\",\"@graph\":[{\"@type\":\"WebPage\",\"@id\":\"https:\\\/\\\/ponchirolieditori.com\\\/en\\\/shop\\\/anime-e-motori\\\/\",\"url\":\"https:\\\/\\\/ponchirolieditori.com\\\/en\\\/shop\\\/anime-e-motori\\\/\",\"name\":\"Anime e motori | Ponchiroli Editori\",\"isPartOf\":{\"@id\":\"https:\\\/\\\/ponchirolieditori.com\\\/#website\"},\"primaryImageOfPage\":{\"@id\":\"https:\\\/\\\/ponchirolieditori.com\\\/en\\\/shop\\\/anime-e-motori\\\/#primaryimage\"},\"image\":{\"@id\":\"https:\\\/\\\/ponchirolieditori.com\\\/en\\\/shop\\\/anime-e-motori\\\/#primaryimage\"},\"thumbnailUrl\":\"https:\\\/\\\/ponchirolieditori.com\\\/wp-content\\\/uploads\\\/2017\\\/03\\\/anime-motori-soldout.jpg\",\"datePublished\":\"2017-03-23T13:00:53+00:00\",\"dateModified\":\"2020-02-10T10:05:30+00:00\",\"breadcrumb\":{\"@id\":\"https:\\\/\\\/ponchirolieditori.com\\\/en\\\/shop\\\/anime-e-motori\\\/#breadcrumb\"},\"inLanguage\":\"en-US\",\"potentialAction\":[{\"@type\":\"ReadAction\",\"target\":[\"https:\\\/\\\/ponchirolieditori.com\\\/en\\\/shop\\\/anime-e-motori\\\/\"]}]},{\"@type\":\"ImageObject\",\"inLanguage\":\"en-US\",\"@id\":\"https:\\\/\\\/ponchirolieditori.com\\\/en\\\/shop\\\/anime-e-motori\\\/#primaryimage\",\"url\":\"https:\\\/\\\/ponchirolieditori.com\\\/wp-content\\\/uploads\\\/2017\\\/03\\\/anime-motori-soldout.jpg\",\"contentUrl\":\"https:\\\/\\\/ponchirolieditori.com\\\/wp-content\\\/uploads\\\/2017\\\/03\\\/anime-motori-soldout.jpg\",\"width\":1280,\"height\":1280},{\"@type\":\"BreadcrumbList\",\"@id\":\"https:\\\/\\\/ponchirolieditori.com\\\/en\\\/shop\\\/anime-e-motori\\\/#breadcrumb\",\"itemListElement\":[{\"@type\":\"ListItem\",\"position\":1,\"name\":\"Home\",\"item\":\"https:\\\/\\\/ponchirolieditori.com\\\/en\\\/\"},{\"@type\":\"ListItem\",\"position\":2,\"name\":\"Catalogo\",\"item\":\"https:\\\/\\\/ponchirolieditori.com\\\/catalogo\\\/\"},{\"@type\":\"ListItem\",\"position\":3,\"name\":\"Anime e motori\"}]},{\"@type\":\"WebSite\",\"@id\":\"https:\\\/\\\/ponchirolieditori.com\\\/#website\",\"url\":\"https:\\\/\\\/ponchirolieditori.com\\\/\",\"name\":\"Ponchiroli Editori\",\"description\":\"\",\"potentialAction\":[{\"@type\":\"SearchAction\",\"target\":{\"@type\":\"EntryPoint\",\"urlTemplate\":\"https:\\\/\\\/ponchirolieditori.com\\\/?s={search_term_string}\"},\"query-input\":{\"@type\":\"PropertyValueSpecification\",\"valueRequired\":true,\"valueName\":\"search_term_string\"}}],\"inLanguage\":\"en-US\"}]}<\/script>\n<!-- \/ Yoast SEO plugin. -->","yoast_head_json":{"title":"Anime e motori | Ponchiroli Editori","robots":{"index":"index","follow":"follow","max-snippet":"max-snippet:-1","max-image-preview":"max-image-preview:large","max-video-preview":"max-video-preview:-1"},"canonical":"https:\/\/ponchirolieditori.com\/en\/shop\/anime-e-motori\/","og_locale":"en_US","og_type":"article","og_title":"Anime e motori | Ponchiroli Editori","og_description":"by Cesare De Agostini    \u201cAnime e Motori\u201d first edition dates back to 1969. It was a collection of articles signed by Cesare De Agostini, a journalist working in the oldest Italian newspaper: \u201cLa Gazzetta di Mantova\u201d. At that time the book was published by CITEM, the co-operative that still prints \u201cLa Gazzetta\u201d. Forty-four years later, thanks to PE and AMAMS (Associazione mantovana auto e moto storiche \u2013 an association of vntage motorcycles and cars lovers, dedicated to Tazio Nuvolari), is possible to retrace the history of Mantua on wheels: From bicycles to motorbikes, browsing the newspapers of that period, describing the protagonists of an epic era, collecting photos that tell the past of this city from an original and moving perspective. In just over a century our lives changed thanks also to the fastest evolution of transportation. \"'Anime e Motori' - writes the author \u2013 comes back with texts and photographs that are a bit dated. But if the engines are shrunken, the souls do not. Those are still alive, talking, making themselves heard. They come from the pages of old newspapers, single issues and words too. These are the memories of who lived a good part of it, half a century ago. \" The book is available only in Italian language","og_url":"https:\/\/ponchirolieditori.com\/en\/shop\/anime-e-motori\/","og_site_name":"Ponchiroli Editori","article_modified_time":"2020-02-10T10:05:30+00:00","og_image":[{"width":1280,"height":1280,"url":"https:\/\/ponchirolieditori.com\/wp-content\/uploads\/2017\/03\/ponchirolieditori-anime-e-motori-cover.jpg","type":"image\/jpeg"}],"twitter_card":"summary_large_image","schema":{"@context":"https:\/\/schema.org","@graph":[{"@type":"WebPage","@id":"https:\/\/ponchirolieditori.com\/en\/shop\/anime-e-motori\/","url":"https:\/\/ponchirolieditori.com\/en\/shop\/anime-e-motori\/","name":"Anime e motori | Ponchiroli Editori","isPartOf":{"@id":"https:\/\/ponchirolieditori.com\/#website"},"primaryImageOfPage":{"@id":"https:\/\/ponchirolieditori.com\/en\/shop\/anime-e-motori\/#primaryimage"},"image":{"@id":"https:\/\/ponchirolieditori.com\/en\/shop\/anime-e-motori\/#primaryimage"},"thumbnailUrl":"https:\/\/ponchirolieditori.com\/wp-content\/uploads\/2017\/03\/anime-motori-soldout.jpg","datePublished":"2017-03-23T13:00:53+00:00","dateModified":"2020-02-10T10:05:30+00:00","breadcrumb":{"@id":"https:\/\/ponchirolieditori.com\/en\/shop\/anime-e-motori\/#breadcrumb"},"inLanguage":"en-US","potentialAction":[{"@type":"ReadAction","target":["https:\/\/ponchirolieditori.com\/en\/shop\/anime-e-motori\/"]}]},{"@type":"ImageObject","inLanguage":"en-US","@id":"https:\/\/ponchirolieditori.com\/en\/shop\/anime-e-motori\/#primaryimage","url":"https:\/\/ponchirolieditori.com\/wp-content\/uploads\/2017\/03\/anime-motori-soldout.jpg","contentUrl":"https:\/\/ponchirolieditori.com\/wp-content\/uploads\/2017\/03\/anime-motori-soldout.jpg","width":1280,"height":1280},{"@type":"BreadcrumbList","@id":"https:\/\/ponchirolieditori.com\/en\/shop\/anime-e-motori\/#breadcrumb","itemListElement":[{"@type":"ListItem","position":1,"name":"Home","item":"https:\/\/ponchirolieditori.com\/en\/"},{"@type":"ListItem","position":2,"name":"Catalogo","item":"https:\/\/ponchirolieditori.com\/catalogo\/"},{"@type":"ListItem","position":3,"name":"Anime e motori"}]},{"@type":"WebSite","@id":"https:\/\/ponchirolieditori.com\/#website","url":"https:\/\/ponchirolieditori.com\/","name":"Ponchiroli Editori","description":"","potentialAction":[{"@type":"SearchAction","target":{"@type":"EntryPoint","urlTemplate":"https:\/\/ponchirolieditori.com\/?s={search_term_string}"},"query-input":{"@type":"PropertyValueSpecification","valueRequired":true,"valueName":"search_term_string"}}],"inLanguage":"en-US"}]}},"_links":{"self":[{"href":"https:\/\/ponchirolieditori.com\/en\/wp-json\/wp\/v2\/product\/1918","targetHints":{"allow":["GET"]}}],"collection":[{"href":"https:\/\/ponchirolieditori.com\/en\/wp-json\/wp\/v2\/product"}],"about":[{"href":"https:\/\/ponchirolieditori.com\/en\/wp-json\/wp\/v2\/types\/product"}],"replies":[{"embeddable":true,"href":"https:\/\/ponchirolieditori.com\/en\/wp-json\/wp\/v2\/comments?post=1918"}],"wp:featuredmedia":[{"embeddable":true,"href":"https:\/\/ponchirolieditori.com\/en\/wp-json\/wp\/v2\/media\/2243"}],"wp:attachment":[{"href":"https:\/\/ponchirolieditori.com\/en\/wp-json\/wp\/v2\/media?parent=1918"}],"wp:term":[{"taxonomy":"product_brand","embeddable":true,"href":"https:\/\/ponchirolieditori.com\/en\/wp-json\/wp\/v2\/product_brand?post=1918"},{"taxonomy":"product_cat","embeddable":true,"href":"https:\/\/ponchirolieditori.com\/en\/wp-json\/wp\/v2\/product_cat?post=1918"},{"taxonomy":"product_tag","embeddable":true,"href":"https:\/\/ponchirolieditori.com\/en\/wp-json\/wp\/v2\/product_tag?post=1918"}],"curies":[{"name":"wp","href":"https:\/\/api.w.org\/{rel}","templated":true}]}}