{"id":1909,"date":"2017-03-29T12:31:30","date_gmt":"2017-03-29T10:31:30","guid":{"rendered":"http:\/\/ponchiroli.xpl.io\/shop\/nuvolari-lui\/"},"modified":"2021-09-23T19:15:47","modified_gmt":"2021-09-23T17:15:47","slug":"nuvolari-lui","status":"publish","type":"product","link":"https:\/\/ponchirolieditori.com\/en\/shop\/nuvolari-lui\/","title":{"rendered":"Nuvolari, lui"},"content":{"rendered":"","protected":false},"excerpt":{"rendered":"<div>\n<p>by <em><strong>Cesare De Agostini<\/strong><\/em><\/p>\n[fusion_separator style_type=\"none\" hide_on_mobile=\"small-visibility,medium-visibility,large-visibility\" class=\"\" id=\"\" sep_color=\"rgba(224,222,222,0)\" top_margin=\"0px\" bottom_margin=\"10px\" border_size=\"\" icon=\"\" icon_circle=\"\" icon_circle_color=\"\" width=\"\" alignment=\"center\"][\/fusion_separator]\n<p><span id=\"result_box\" class=\"\" lang=\"en\" tabindex=\"-1\"><span title=\"A pi\u00f9 di sessant\u2019anni dalla scomparsa, Tazio Nuvolari \u00e8 pi\u00f9 che mai una leggenda, un simbolo di talento, coraggio e tenacia, amato e ricordato come il pi\u00f9 grande talento dell\u2019epoca d\u2019oro dell\u2019automobilismo sportivo.\">More than sixty years since the disappearance, Tazio Nuvolari is more than a legend, a symbol of talent, courage and tenacity, loved and remembered as the greatest talent of the golden age of sports cars. <\/span><span title=\"Storia, aneddoti, testimonianze, sfaccettature inedite: l\u2019uomo, il pilota, le sue macchine, con l\u2019apporto di una ricchissima iconografia \u2013 spesso inedita \u2013 proveniente da collezioni di tutto il mondo.\">History, anecdotes, testimonies, unpublished facets: the man, the pilot, his machines, with the help of a rich iconography &#8211; often unpublished &#8211; coming from collections around the world. <\/span><span title=\"Particolare rilievo viene dato alla sezione tecnica, dedicata alle moto e alle auto pilotate da Tazio, mostri da dominare, concepiti e costruiti negli anni d\u2019oro della creativit\u00e0 meccanica, veri capolavori di tecnologia. \">Particularly important is the technical section dedicated to the bikes and cars piloted by Tazio, monsters to be dominated, conceived and built in the golden years of mechanical creativity, true masterpieces of technology.<br \/>\n<\/span><span title=\"\u201cNuvolari, lui\u201d \u00e8 un volume prestigioso ed esclusivo, disponibile in tre diversi formati: Regular, Special Edition (il libro \u2013 numerato e autografato dall'autore - \u00e8 contenuto in un'esclusiva scatola in legno e metallo), Special Edition Personalizzata (\">&#8220;Nuvolari, lui&#8221; is a prestigious and exclusive volume, available in three different formats: Regular, Special Edition (the book &#8211; numbered and autographed by the author &#8211; is contained in an exclusive wood and metal box), Special Edition Custom <\/span><span title=\"il libro \u2013 sempre numerato e autografato dall'autore - \u00e8 contenuto in un'esclusiva scatola in legno e metallo sulla quale \u00e8 inciso il nome dell'acquirente o della persona alla quale si vuole regalare questo splendido volume.) \">The book &#8211; always numbered and autographed by the author &#8211; is contained in an exclusive wooden and metal box on which the name of the purchaser or person to whom this splendid volume is intended is engraved.)<br \/>\n<\/span><span title=\"Il libro, in lingua italiana, esce con testo inglese a fronte\">The book, in Italian, comes out with English text in front<\/span><\/span><\/p>\n<\/div>\n","protected":false},"featured_media":1534,"comment_status":"closed","ping_status":"closed","template":"","meta":[],"product_brand":[],"product_cat":[58,57],"product_tag":[],"class_list":{"0":"post-1909","1":"product","2":"type-product","3":"status-publish","4":"has-post-thumbnail","6":"product_cat-history","7":"product_cat-pilots","9":"first","10":"instock","11":"sale","12":"shipping-taxable","13":"purchasable","14":"product-type-simple"},"yoast_head":"<!-- This site is optimized with the Yoast SEO plugin v27.3 - https:\/\/yoast.com\/product\/yoast-seo-wordpress\/ -->\n<title>Nuvolari, lui | Ponchiroli Editori<\/title>\n<meta name=\"robots\" content=\"index, follow, max-snippet:-1, max-image-preview:large, max-video-preview:-1\" \/>\n<link rel=\"canonical\" href=\"https:\/\/ponchirolieditori.com\/shop\/nuvolari-lui\/\" \/>\n<meta property=\"og:locale\" content=\"en_US\" \/>\n<meta property=\"og:type\" content=\"article\" \/>\n<meta property=\"og:title\" content=\"Nuvolari, lui | Ponchiroli Editori\" \/>\n<meta property=\"og:description\" content=\"by Cesare De Agostini    More than sixty years since the disappearance, Tazio Nuvolari is more than a legend, a symbol of talent, courage and tenacity, loved and remembered as the greatest talent of the golden age of sports cars. History, anecdotes, testimonies, unpublished facets: the man, the pilot, his machines, with the help of a rich iconography - often unpublished - coming from collections around the world. Particularly important is the technical section dedicated to the bikes and cars piloted by Tazio, monsters to be dominated, conceived and built in the golden years of mechanical creativity, true masterpieces of technology. &quot;Nuvolari, lui&quot; is a prestigious and exclusive volume, available in three different formats: Regular, Special Edition (the book - numbered and autographed by the author - is contained in an exclusive wood and metal box), Special Edition Custom The book - always numbered and autographed by the author - is contained in an exclusive wooden and metal box on which the name of the purchaser or person to whom this splendid volume is intended is engraved.) The book, in Italian, comes out with English text in front\" \/>\n<meta property=\"og:url\" content=\"https:\/\/ponchirolieditori.com\/shop\/nuvolari-lui\/\" \/>\n<meta property=\"og:site_name\" content=\"Ponchiroli Editori\" \/>\n<meta property=\"article:modified_time\" content=\"2021-09-23T17:15:47+00:00\" \/>\n<meta property=\"og:image\" content=\"https:\/\/ponchirolieditori.com\/wp-content\/uploads\/2017\/03\/ponchirolieditori-nuvolari-cover.jpg\" \/>\n\t<meta property=\"og:image:width\" content=\"1280\" \/>\n\t<meta property=\"og:image:height\" content=\"1280\" \/>\n\t<meta property=\"og:image:type\" content=\"image\/jpeg\" \/>\n<meta name=\"twitter:card\" content=\"summary_large_image\" \/>\n<script type=\"application\/ld+json\" class=\"yoast-schema-graph\">{\"@context\":\"https:\\\/\\\/schema.org\",\"@graph\":[{\"@type\":\"WebPage\",\"@id\":\"https:\\\/\\\/ponchirolieditori.com\\\/shop\\\/nuvolari-lui\\\/\",\"url\":\"https:\\\/\\\/ponchirolieditori.com\\\/shop\\\/nuvolari-lui\\\/\",\"name\":\"Nuvolari, lui | Ponchiroli Editori\",\"isPartOf\":{\"@id\":\"https:\\\/\\\/ponchirolieditori.com\\\/#website\"},\"primaryImageOfPage\":{\"@id\":\"https:\\\/\\\/ponchirolieditori.com\\\/shop\\\/nuvolari-lui\\\/#primaryimage\"},\"image\":{\"@id\":\"https:\\\/\\\/ponchirolieditori.com\\\/shop\\\/nuvolari-lui\\\/#primaryimage\"},\"thumbnailUrl\":\"https:\\\/\\\/ponchirolieditori.com\\\/wp-content\\\/uploads\\\/2017\\\/03\\\/ponchirolieditori-nuvolari-cover.jpg\",\"datePublished\":\"2017-03-29T10:31:30+00:00\",\"dateModified\":\"2021-09-23T17:15:47+00:00\",\"breadcrumb\":{\"@id\":\"https:\\\/\\\/ponchirolieditori.com\\\/shop\\\/nuvolari-lui\\\/#breadcrumb\"},\"inLanguage\":\"en-US\",\"potentialAction\":[{\"@type\":\"ReadAction\",\"target\":[\"https:\\\/\\\/ponchirolieditori.com\\\/shop\\\/nuvolari-lui\\\/\"]}]},{\"@type\":\"ImageObject\",\"inLanguage\":\"en-US\",\"@id\":\"https:\\\/\\\/ponchirolieditori.com\\\/shop\\\/nuvolari-lui\\\/#primaryimage\",\"url\":\"https:\\\/\\\/ponchirolieditori.com\\\/wp-content\\\/uploads\\\/2017\\\/03\\\/ponchirolieditori-nuvolari-cover.jpg\",\"contentUrl\":\"https:\\\/\\\/ponchirolieditori.com\\\/wp-content\\\/uploads\\\/2017\\\/03\\\/ponchirolieditori-nuvolari-cover.jpg\",\"width\":1280,\"height\":1280},{\"@type\":\"BreadcrumbList\",\"@id\":\"https:\\\/\\\/ponchirolieditori.com\\\/shop\\\/nuvolari-lui\\\/#breadcrumb\",\"itemListElement\":[{\"@type\":\"ListItem\",\"position\":1,\"name\":\"Home\",\"item\":\"https:\\\/\\\/ponchirolieditori.com\\\/en\\\/\"},{\"@type\":\"ListItem\",\"position\":2,\"name\":\"Catalogo\",\"item\":\"https:\\\/\\\/ponchirolieditori.com\\\/catalogo\\\/\"},{\"@type\":\"ListItem\",\"position\":3,\"name\":\"Nuvolari, lui\"}]},{\"@type\":\"WebSite\",\"@id\":\"https:\\\/\\\/ponchirolieditori.com\\\/#website\",\"url\":\"https:\\\/\\\/ponchirolieditori.com\\\/\",\"name\":\"Ponchiroli Editori\",\"description\":\"\",\"potentialAction\":[{\"@type\":\"SearchAction\",\"target\":{\"@type\":\"EntryPoint\",\"urlTemplate\":\"https:\\\/\\\/ponchirolieditori.com\\\/?s={search_term_string}\"},\"query-input\":{\"@type\":\"PropertyValueSpecification\",\"valueRequired\":true,\"valueName\":\"search_term_string\"}}],\"inLanguage\":\"en-US\"}]}<\/script>\n<!-- \/ Yoast SEO plugin. -->","yoast_head_json":{"title":"Nuvolari, lui | Ponchiroli Editori","robots":{"index":"index","follow":"follow","max-snippet":"max-snippet:-1","max-image-preview":"max-image-preview:large","max-video-preview":"max-video-preview:-1"},"canonical":"https:\/\/ponchirolieditori.com\/shop\/nuvolari-lui\/","og_locale":"en_US","og_type":"article","og_title":"Nuvolari, lui | Ponchiroli Editori","og_description":"by Cesare De Agostini    More than sixty years since the disappearance, Tazio Nuvolari is more than a legend, a symbol of talent, courage and tenacity, loved and remembered as the greatest talent of the golden age of sports cars. History, anecdotes, testimonies, unpublished facets: the man, the pilot, his machines, with the help of a rich iconography - often unpublished - coming from collections around the world. Particularly important is the technical section dedicated to the bikes and cars piloted by Tazio, monsters to be dominated, conceived and built in the golden years of mechanical creativity, true masterpieces of technology. \"Nuvolari, lui\" is a prestigious and exclusive volume, available in three different formats: Regular, Special Edition (the book - numbered and autographed by the author - is contained in an exclusive wood and metal box), Special Edition Custom The book - always numbered and autographed by the author - is contained in an exclusive wooden and metal box on which the name of the purchaser or person to whom this splendid volume is intended is engraved.) The book, in Italian, comes out with English text in front","og_url":"https:\/\/ponchirolieditori.com\/shop\/nuvolari-lui\/","og_site_name":"Ponchiroli Editori","article_modified_time":"2021-09-23T17:15:47+00:00","og_image":[{"width":1280,"height":1280,"url":"https:\/\/ponchirolieditori.com\/wp-content\/uploads\/2017\/03\/ponchirolieditori-nuvolari-cover.jpg","type":"image\/jpeg"}],"twitter_card":"summary_large_image","schema":{"@context":"https:\/\/schema.org","@graph":[{"@type":"WebPage","@id":"https:\/\/ponchirolieditori.com\/shop\/nuvolari-lui\/","url":"https:\/\/ponchirolieditori.com\/shop\/nuvolari-lui\/","name":"Nuvolari, lui | Ponchiroli Editori","isPartOf":{"@id":"https:\/\/ponchirolieditori.com\/#website"},"primaryImageOfPage":{"@id":"https:\/\/ponchirolieditori.com\/shop\/nuvolari-lui\/#primaryimage"},"image":{"@id":"https:\/\/ponchirolieditori.com\/shop\/nuvolari-lui\/#primaryimage"},"thumbnailUrl":"https:\/\/ponchirolieditori.com\/wp-content\/uploads\/2017\/03\/ponchirolieditori-nuvolari-cover.jpg","datePublished":"2017-03-29T10:31:30+00:00","dateModified":"2021-09-23T17:15:47+00:00","breadcrumb":{"@id":"https:\/\/ponchirolieditori.com\/shop\/nuvolari-lui\/#breadcrumb"},"inLanguage":"en-US","potentialAction":[{"@type":"ReadAction","target":["https:\/\/ponchirolieditori.com\/shop\/nuvolari-lui\/"]}]},{"@type":"ImageObject","inLanguage":"en-US","@id":"https:\/\/ponchirolieditori.com\/shop\/nuvolari-lui\/#primaryimage","url":"https:\/\/ponchirolieditori.com\/wp-content\/uploads\/2017\/03\/ponchirolieditori-nuvolari-cover.jpg","contentUrl":"https:\/\/ponchirolieditori.com\/wp-content\/uploads\/2017\/03\/ponchirolieditori-nuvolari-cover.jpg","width":1280,"height":1280},{"@type":"BreadcrumbList","@id":"https:\/\/ponchirolieditori.com\/shop\/nuvolari-lui\/#breadcrumb","itemListElement":[{"@type":"ListItem","position":1,"name":"Home","item":"https:\/\/ponchirolieditori.com\/en\/"},{"@type":"ListItem","position":2,"name":"Catalogo","item":"https:\/\/ponchirolieditori.com\/catalogo\/"},{"@type":"ListItem","position":3,"name":"Nuvolari, lui"}]},{"@type":"WebSite","@id":"https:\/\/ponchirolieditori.com\/#website","url":"https:\/\/ponchirolieditori.com\/","name":"Ponchiroli Editori","description":"","potentialAction":[{"@type":"SearchAction","target":{"@type":"EntryPoint","urlTemplate":"https:\/\/ponchirolieditori.com\/?s={search_term_string}"},"query-input":{"@type":"PropertyValueSpecification","valueRequired":true,"valueName":"search_term_string"}}],"inLanguage":"en-US"}]}},"_links":{"self":[{"href":"https:\/\/ponchirolieditori.com\/en\/wp-json\/wp\/v2\/product\/1909","targetHints":{"allow":["GET"]}}],"collection":[{"href":"https:\/\/ponchirolieditori.com\/en\/wp-json\/wp\/v2\/product"}],"about":[{"href":"https:\/\/ponchirolieditori.com\/en\/wp-json\/wp\/v2\/types\/product"}],"replies":[{"embeddable":true,"href":"https:\/\/ponchirolieditori.com\/en\/wp-json\/wp\/v2\/comments?post=1909"}],"wp:featuredmedia":[{"embeddable":true,"href":"https:\/\/ponchirolieditori.com\/en\/wp-json\/wp\/v2\/media\/1534"}],"wp:attachment":[{"href":"https:\/\/ponchirolieditori.com\/en\/wp-json\/wp\/v2\/media?parent=1909"}],"wp:term":[{"taxonomy":"product_brand","embeddable":true,"href":"https:\/\/ponchirolieditori.com\/en\/wp-json\/wp\/v2\/product_brand?post=1909"},{"taxonomy":"product_cat","embeddable":true,"href":"https:\/\/ponchirolieditori.com\/en\/wp-json\/wp\/v2\/product_cat?post=1909"},{"taxonomy":"product_tag","embeddable":true,"href":"https:\/\/ponchirolieditori.com\/en\/wp-json\/wp\/v2\/product_tag?post=1909"}],"curies":[{"name":"wp","href":"https:\/\/api.w.org\/{rel}","templated":true}]}}